{"id":11,"date":"2021-06-14T11:43:59","date_gmt":"2021-06-14T11:43:59","guid":{"rendered":"https:\/\/lauluyhtyevalkea.fi\/?page_id=11"},"modified":"2025-02-14T07:44:44","modified_gmt":"2025-02-14T07:44:44","slug":"etusivu","status":"publish","type":"page","link":"https:\/\/lauluyhtyevalkea.fi\/","title":{"rendered":"Mik\u00e4 on Valkea?"},"content":{"rendered":"\n<p>Valkea on vuonna 2014 perustettu kangasalalainen lauluyhtye. Harrastuksemme on vakavaa mutta laulamisemme kepe\u00e4\u00e4.<\/p>\n\n\n\n<p>Ohjelmistomme koostuu p\u00e4\u00e4asiassa hengellisist\u00e4 a cappella -biiseist\u00e4 virsist\u00e4 gospeliin. Jouluohjelmistomme on suhteellisen kattava.<\/p>\n\n\n\n<p>Valkean sovituksista suurin osa on omaa tuotantoa tai ulkopuolisten Valkeaa varten sovittamaa materiaalia.<\/p>\n\n\n\n<figure class=\"wp-block-embed is-type-video is-provider-youtube wp-block-embed-youtube wp-embed-aspect-16-9 wp-has-aspect-ratio\"><div class=\"wp-block-embed__wrapper\">\n<iframe loading=\"lazy\" title=\"Lauluyhtye Valkea - Kes\u00e4p\u00e4iv\u00e4 Kangasalla\" width=\"525\" height=\"295\" src=\"https:\/\/www.youtube.com\/embed\/KOCQS5q0bzA?feature=oembed\" frameborder=\"0\" allow=\"accelerometer; autoplay; clipboard-write; encrypted-media; gyroscope; picture-in-picture; web-share\" referrerpolicy=\"strict-origin-when-cross-origin\" allowfullscreen><\/iframe>\n<\/div><\/figure>\n\n\n\n<figure class=\"wp-block-embed is-type-rich is-provider-spotify wp-block-embed-spotify wp-embed-aspect-21-9 wp-has-aspect-ratio\"><div class=\"wp-block-embed__wrapper\">\n<iframe title=\"Spotify Embed: V\u00e4syneet maan\" style=\"border-radius: 12px\" width=\"100%\" height=\"352\" frameborder=\"0\" allowfullscreen allow=\"autoplay; clipboard-write; encrypted-media; fullscreen; picture-in-picture\" loading=\"lazy\" src=\"https:\/\/open.spotify.com\/embed\/album\/0xhmNE5OFSo6GvHY44ehc5?si=SOSegoXJTi6-PoLtwca03Q&#038;utm_source=oembed\"><\/iframe>\n<\/div><\/figure>\n","protected":false},"excerpt":{"rendered":"<p>Valkea on vuonna 2014 perustettu kangasalalainen lauluyhtye. Harrastuksemme on vakavaa mutta laulamisemme kepe\u00e4\u00e4. Ohjelmistomme koostuu p\u00e4\u00e4asiassa hengellisist\u00e4 a cappella -biiseist\u00e4 virsist\u00e4 gospeliin. Jouluohjelmistomme on suhteellisen kattava. Valkean sovituksista suurin osa on omaa tuotantoa tai ulkopuolisten Valkeaa varten sovittamaa materiaalia.<\/p>\n","protected":false},"author":1,"featured_media":264,"parent":0,"menu_order":0,"comment_status":"closed","ping_status":"closed","template":"","meta":{"footnotes":""},"class_list":["post-11","page","type-page","status-publish","has-post-thumbnail","hentry"],"_links":{"self":[{"href":"https:\/\/lauluyhtyevalkea.fi\/index.php?rest_route=\/wp\/v2\/pages\/11","targetHints":{"allow":["GET"]}}],"collection":[{"href":"https:\/\/lauluyhtyevalkea.fi\/index.php?rest_route=\/wp\/v2\/pages"}],"about":[{"href":"https:\/\/lauluyhtyevalkea.fi\/index.php?rest_route=\/wp\/v2\/types\/page"}],"author":[{"embeddable":true,"href":"https:\/\/lauluyhtyevalkea.fi\/index.php?rest_route=\/wp\/v2\/users\/1"}],"replies":[{"embeddable":true,"href":"https:\/\/lauluyhtyevalkea.fi\/index.php?rest_route=%2Fwp%2Fv2%2Fcomments&post=11"}],"version-history":[{"count":13,"href":"https:\/\/lauluyhtyevalkea.fi\/index.php?rest_route=\/wp\/v2\/pages\/11\/revisions"}],"predecessor-version":[{"id":323,"href":"https:\/\/lauluyhtyevalkea.fi\/index.php?rest_route=\/wp\/v2\/pages\/11\/revisions\/323"}],"wp:featuredmedia":[{"embeddable":true,"href":"https:\/\/lauluyhtyevalkea.fi\/index.php?rest_route=\/wp\/v2\/media\/264"}],"wp:attachment":[{"href":"https:\/\/lauluyhtyevalkea.fi\/index.php?rest_route=%2Fwp%2Fv2%2Fmedia&parent=11"}],"curies":[{"name":"wp","href":"https:\/\/api.w.org\/{rel}","templated":true}]}}